{"id":49,"date":"2025-04-12T11:15:35","date_gmt":"2025-04-12T11:15:35","guid":{"rendered":"http:\/\/212.36.76.48\/?page_id=49"},"modified":"2025-04-28T10:24:34","modified_gmt":"2025-04-28T10:24:34","slug":"consultoria-tecnologica","status":"publish","type":"page","link":"http:\/\/212.36.76.48\/index.php\/consultoria-tecnologica\/","title":{"rendered":"Consultoria Tecnol\u00f2gica"},"content":{"rendered":"\n<p class=\"has-text-align-center\"><strong>Tenim els millors experts en diferents aspectos tecnol\u00f2gics<\/strong><\/p>\n\n\n\n<figure class=\"wp-block-image size-full\"><img loading=\"lazy\" decoding=\"async\" width=\"1400\" height=\"934\" src=\"http:\/\/212.36.76.48\/wp-content\/uploads\/2025\/04\/imagenes-sin-copyright.jpg\" alt=\"\" class=\"wp-image-58\"\/><\/figure>\n\n\n\n<p class=\"has-text-align-center\">Oferim un equip altament capacitat d\u2019experts en tecnologia. Ens esforcem per proporcionar solucions innovadores i eficaces als nostres clients, per millorar la seva experi\u00e8ncia i aconseguir els seus objectius empresarials. Amb el nostre enfocament en l\u2019excel\u00b7l\u00e8ncia i la satisfacci\u00f3 del client, ens assegurem que els nostres consultors tecnol\u00f2gics siguin un valor afegit per al seu negoci!<\/p>\n\n\n\n<p><\/p>\n","protected":false},"excerpt":{"rendered":"<p>Tenim els millors experts en diferents aspectos tecnol\u00f2gics Oferim un equip altament capacitat d\u2019experts en tecnologia. Ens esforcem per proporcionar solucions innovadores i eficaces als nostres clients, per millorar la seva experi\u00e8ncia i aconseguir els seus objectius empresarials. Amb el nostre enfocament en l\u2019excel\u00b7l\u00e8ncia i la satisfacci\u00f3 del client, ens assegurem que els nostres consultors [&hellip;]<\/p>\n","protected":false},"author":1,"featured_media":58,"parent":0,"menu_order":0,"comment_status":"closed","ping_status":"closed","template":"","meta":{"footnotes":""},"class_list":["post-49","page","type-page","status-publish","has-post-thumbnail","hentry"],"_links":{"self":[{"href":"http:\/\/212.36.76.48\/index.php\/wp-json\/wp\/v2\/pages\/49","targetHints":{"allow":["GET"]}}],"collection":[{"href":"http:\/\/212.36.76.48\/index.php\/wp-json\/wp\/v2\/pages"}],"about":[{"href":"http:\/\/212.36.76.48\/index.php\/wp-json\/wp\/v2\/types\/page"}],"author":[{"embeddable":true,"href":"http:\/\/212.36.76.48\/index.php\/wp-json\/wp\/v2\/users\/1"}],"replies":[{"embeddable":true,"href":"http:\/\/212.36.76.48\/index.php\/wp-json\/wp\/v2\/comments?post=49"}],"version-history":[{"count":2,"href":"http:\/\/212.36.76.48\/index.php\/wp-json\/wp\/v2\/pages\/49\/revisions"}],"predecessor-version":[{"id":141,"href":"http:\/\/212.36.76.48\/index.php\/wp-json\/wp\/v2\/pages\/49\/revisions\/141"}],"wp:featuredmedia":[{"embeddable":true,"href":"http:\/\/212.36.76.48\/index.php\/wp-json\/wp\/v2\/media\/58"}],"wp:attachment":[{"href":"http:\/\/212.36.76.48\/index.php\/wp-json\/wp\/v2\/media?parent=49"}],"curies":[{"name":"wp","href":"https:\/\/api.w.org\/{rel}","templated":true}]}}